{"id":55,"date":"2020-06-29T17:42:59","date_gmt":"2020-06-29T17:42:59","guid":{"rendered":"https:\/\/therapie-fn.de\/?page_id=55"},"modified":"2020-07-17T22:10:55","modified_gmt":"2020-07-17T22:10:55","slug":"osteopathie","status":"publish","type":"page","link":"https:\/\/therapie-fn.de\/?page_id=55","title":{"rendered":"Osteopathie"},"content":{"rendered":"\n<p>Unser Osteopath, Jens Becker, ist seit 1998 Physiotherapeut und hat von 2013 bis 2018 bei der SKOM nach den Richtlinien der BAO (1350 Stunden) Osteopathie studiert. Er ist beim Verband Freier Osteopathen Deutschland (VFO) zertifiziert und von den Krankenkassen anerkannt.<\/p>\n\n\n\n<p>Osteopathie ist eine ganzheitliche Behandlungsmethode, bei der die k\u00f6rperliche Untersuchung und Behandlung ausschlie\u00dflich mit den H\u00e4nden des Therapeuten vorgenommen wird.<\/p>\n\n\n\n<p>Die erste Behandlungseinheit beinhaltet neben der Therapie einen ausf\u00fchrlichen Befund des gesamten K\u00f6rpers sowie die Anamnese des Patienten.<\/p>\n\n\n\n<p>Wie funktioniert Osteopathie?<\/p>\n\n\n\n<p>Vorhandene Funktionsst\u00f6rungen und Bewegungseinschr\u00e4nkungen im Gewebe werden manuell lokalisiert. Es werden aus osteopathischer Sicht besonders die Zusammenh\u00e4nge der verschiedenen Strukturen und ihre Funktionen befundet und dementsprechend behandelt. Der gesamte Bewegungsapparat, innere Organe sowie das System zwischen Sch\u00e4del und Kreuzbein stehen in Wechselwirkung zusammen.<br>Eine gro\u00dfe Bedeutung kommt der neurologischen, arteriellen, ven\u00f6sen und lymphatischen Versorgung zu. Nur wenn alles optimal aufeinander abgestimmt ist, kann der K\u00f6rper sein Potential an Selbstheilungskr\u00e4ften voll aussch\u00f6pfen.<\/p>\n\n\n\n<p>Die drei Systeme der Osteopathie:<br>Parietale (der Bewegungsapparat)<br>Viscerale (die inneren Organe)<br>Cranio-Sacrale (die Verbindung zwischen Sch\u00e4delknochen und dem Kreuzbein)<br>Alle drei Systeme m\u00fcssen im Einklang stehen damit der K\u00f6rper bestm\u00f6glichst funktioniert.<\/p>\n","protected":false},"excerpt":{"rendered":"<p>Unser Osteopath, Jens Becker, ist seit 1998 Physiotherapeut und hat von 2013 bis 2018 bei der SKOM nach den Richtlinien der BAO (1350 Stunden) Osteopathie studiert. Er ist beim Verband Freier Osteopathen Deutschland (VFO) zertifiziert und von den Krankenkassen anerkannt. Osteopathie ist eine ganzheitliche Behandlungsmethode, bei der die k\u00f6rperliche Untersuchung und Behandlung ausschlie\u00dflich mit den &hellip; <\/p>\n<p class=\"link-more\"><a href=\"https:\/\/therapie-fn.de\/?page_id=55\" class=\"more-link\"><span class=\"screen-reader-text\">\u201eOsteopathie\u201c<\/span> weiterlesen<\/a><\/p>\n","protected":false},"author":1,"featured_media":0,"parent":56,"menu_order":0,"comment_status":"closed","ping_status":"closed","template":"","meta":[],"_links":{"self":[{"href":"https:\/\/therapie-fn.de\/index.php?rest_route=\/wp\/v2\/pages\/55"}],"collection":[{"href":"https:\/\/therapie-fn.de\/index.php?rest_route=\/wp\/v2\/pages"}],"about":[{"href":"https:\/\/therapie-fn.de\/index.php?rest_route=\/wp\/v2\/types\/page"}],"author":[{"embeddable":true,"href":"https:\/\/therapie-fn.de\/index.php?rest_route=\/wp\/v2\/users\/1"}],"replies":[{"embeddable":true,"href":"https:\/\/therapie-fn.de\/index.php?rest_route=%2Fwp%2Fv2%2Fcomments&post=55"}],"version-history":[{"count":4,"href":"https:\/\/therapie-fn.de\/index.php?rest_route=\/wp\/v2\/pages\/55\/revisions"}],"predecessor-version":[{"id":65,"href":"https:\/\/therapie-fn.de\/index.php?rest_route=\/wp\/v2\/pages\/55\/revisions\/65"}],"up":[{"embeddable":true,"href":"https:\/\/therapie-fn.de\/index.php?rest_route=\/wp\/v2\/pages\/56"}],"wp:attachment":[{"href":"https:\/\/therapie-fn.de\/index.php?rest_route=%2Fwp%2Fv2%2Fmedia&parent=55"}],"curies":[{"name":"wp","href":"https:\/\/api.w.org\/{rel}","templated":true}]}}