{"id":39,"date":"2020-06-15T09:21:19","date_gmt":"2020-06-15T09:21:19","guid":{"rendered":"https:\/\/therapie-fn.de\/?page_id=39"},"modified":"2020-06-15T15:33:10","modified_gmt":"2020-06-15T15:33:10","slug":"datenschutzerklaerung","status":"publish","type":"page","link":"https:\/\/therapie-fn.de\/?page_id=39","title":{"rendered":"Datenschutzerkl\u00e4rung"},"content":{"rendered":"\n<h3><strong>Allgemeine Hinweise<\/strong><\/h3>\n\n\n\n<p>Die folgenden Hinweise geben dem Nutzer einen \u00dcberblick, was mit Ihren personenbezogene Daten passiert, wenn Sie unsere Website besuchen. Personenbezogene Daten sind alle Daten, mit denen Sie pers\u00f6nlich identifiziert werden k\u00f6nnen. Dazu geh\u00f6ren unter anderem der Name, die Emailadresse oder die Telefonnummer. Ausf\u00fchrliche Informationen zum Thema Datenschutz entnehmen Sie unserer unter diesem Text aufgef\u00fchrten Datenschutzerkl\u00e4rung.<\/p>\n\n\n\n<p>Die rechtlichen Grundlagen des Datenschutzes finden sich im Bundesdatenschutzgesetz (BDSG) und dem Telemediengesetz (TMG).<\/p>\n\n\n\n<p><strong>Wer ist verantwortlich f\u00fcr die Datenerfassung auf dieser Website<\/strong><br>Die Datenerfassung dieser Website erfolgt durch den verantwortlichen Anbieter Strato. <\/p>\n\n\n\n<p><strong>Wie werden die Daten erfasst?<\/strong><br>Zum einen werden Daten erfasst, die Sie uns selber mitteilen (z.B. Daten, die Sie in einem Kontaktformular eingeben).<br>Zum anderen, sobald Sie unsere Website besuchen, werden durch IT-Systeme automatisch Daten erfasst.<\/p>\n\n\n\n<p><strong>Wof\u00fcr werden Ihre Daten gen\u00fctzt?<\/strong><br>Ein Teil wird erhoben, um eine fehlerfreie Bereitstellung und Funktion der Website zu gew\u00e4hrleisten. Andere Daten k\u00f6nnen zur Analyse Ihres Nutzerverhaltens verwendet werden. Uns zuletzt f\u00fcr Beantwortung von Kontaktanfragen und der Kommunikation der Nutzer.<\/p>\n\n\n\n<p><strong>Welche Rechte haben Sie bez\u00fcglich Ihrer Daten?<\/strong><br>Sie haben jederzeit das Recht unentgeltlich Auskunft \u00fcber Herkunft, Empf\u00e4nger und Zweck Ihrer gespeicherten personenbezogenen Daten zu erhalten. Sie haben au\u00dferdem das Recht, die Berichtigung, Sperrung oder L\u00f6schung dieser Daten zu verlangen. Des Weiteren haben Sie das Recht, eine Beschwerde bei der zust\u00e4ndigen Aufsichtsbeh\u00f6rde einzureichen.<\/p>\n\n\n\n<p><strong>Analyse-Tools und Tools von Drittanbietern<\/strong><br>Mit dem Besuch unserer Website kann Ihr Surf Verhalten statistisch ausgewertet werden. Das geschieht vor allem mit Cookies und mit sogenannten Analyseprogramme. Die Analyse Ihres Surf Verhaltens, erfolgt in der Regel anonym, das Bedeutet, dass Ihr Surf Verhalten nicht zu Ihnen zur\u00fcckverfolgt werden kann. Sie k\u00f6nnen dieser Analyse widersprechen oder sie durch die Nichtbenutzung bestimmter Tools verhindern. \u00dcber die Widerspruchsm\u00f6glichkeiten finden Sie detaillierte Informationen in der folgenden Datenschutzerkl\u00e4rung.<\/p>\n\n\n\n<h3><strong>Allgemeine Hinweise und Pflichtinformationen<\/strong><\/h3>\n\n\n\n<p><strong>Datenschutz<\/strong><br>Die Betreiber dieser Website nehmen den Schutz Ihrer pers\u00f6nlichen Daten sehr ernst. Wir behandeln Ihre personenbezogenen Daten vertraulich und entsprechend der gesetzlichen Datenschutzvorschriften sowie dieser Datenschutzerkl\u00e4rung<\/p>\n\n\n\n<p><strong>Umgang mit personenbezogene Daten<\/strong><br>Wenn Sie diese Website benutzen, werden verschiedene personenbezogene Daten erhoben. Personenbezogene Daten sind Informationen, mit deren Hilfe eine Person bestimmbar ist. Also Angaben, die zur\u00fcck zu einer Person verfolgt werden k\u00f6nnen. Dazu geh\u00f6ren der Name, die Emailadresse, die Telefonnummer, IP-Adressen. Aber auch Vorlieben, Hobbies, Mitgliedschaften oder welche Websites von jemanden angesehen wurden z\u00e4hlen dazu.<\/p>\n\n\n\n<p>Personenbezogene Daten werden von dem Anbieter nur dann erhoben, genutzt und weitergegeben, wenn dies gesetzlich erlaubt ist oder die Nutzer in die Datenerhebung einwilligen.<\/p>\n\n\n\n<p>Desweitern weisen wir darauf hin, dass die Daten\u00fcbertragung im Internet (z.B. bei der Kommunikation per E-Mail) Sicherheitsl\u00fccken aufweisen kann. Ein l\u00fcckenloser Schutz der Daten vor dem Zugriff durch Dritte ist nicht m\u00f6glich.<\/p>\n\n\n\n<p><strong>Verantwortliche Stelle<\/strong><br>Die verantwortliche Stelle (nat\u00fcrliche oder juristische Person die \u00fcber die Zwecke und Mittel der Verarbeitung der personenbezogenen Daten entscheidet) f\u00fcr die Datenverarbeitung auf dieser Website ist:<\/p>\n\n\n\n<p>Bernd Morent &amp; Bernd Leichtle<br>Olgastra\u00dfe 72&nbsp;&nbsp;&nbsp;<br>88045 Friedrichshafen<\/p>\n\n\n\n<p>E-Mail:  info@therapie-fn.de<\/p>\n\n\n\n<p>Tel: 07541 \/ 22524<\/p>\n\n\n\n<h3><strong>Rechte der Nutzer<\/strong><\/h3>\n\n\n\n<p><strong>Auskunft, Berichtigung, Sperrung, L\u00f6schung<\/strong><br>Sie haben jederzeit das Recht, im Rahmen der geltenden gesetzlichen Bestimmungen, auf Auskunft und Best\u00e4tigung \u00fcber Ihre gespeicherte personenbezogene Daten sowie auf weitere Informationen und Kopie der Daten und ggf. ein Recht auf Berichtigung, Sperrung, Einschr\u00e4nkung oder L\u00f6schung dieser Daten zu verlangen.<\/p>\n\n\n\n<p>Sie haben das Recht, die von Ihnen an uns bereitgestellte Daten, aush\u00e4ndigen zu lassen und deren \u00dcbermittlung an andere Verantwortliche, soweit es technisch machbar ist, zu fordern.<\/p>\n\n\n\n<p><strong>Widerruf Ihrer Einwilligung<\/strong><br>Viele Datenverarbeitungsvorg\u00e4nge sind nur mit Ihrer ausdr\u00fccklichen Einwilligung m\u00f6glich. Sie k\u00f6nnen eine bereits erteilte Einwilligung jederzeit mit Wirkung f\u00fcr die Zukunft widerrufen. Dazu reicht eine formlose Mitteilung per E-Mail an uns.<\/p>\n\n\n\n<p><strong>Beschwerderecht bei der Aufsichtsbeh\u00f6rde<\/strong><br>Sie haben das Recht, im Falle von datenschutzrechtlicher Verst\u00f6\u00dfe eine Beschwerde bei der zust\u00e4ndigen Aufsichtsbeh\u00f6rde einzureichen. Die zust\u00e4ndige Aufsichtsbeh\u00f6rde des Bundeslandes in dem unser Unternehmen seinen Sitz hat entnehmen sie aus dem folgenden Link:&nbsp;<a href=\"https:\/\/www.bfdi.bund.de\/DE\/Infothek\/Anschriften_Links\/anschriften_links-node.html\">https:\/\/www.bfdi.bund.de\/DE\/Infothek\/Anschriften_Links\/anschriften_links-node.html<\/a><\/p>\n\n\n\n<h3><strong>Datenerfassung auf unserer Website<\/strong><\/h3>\n\n\n\n<p><strong>Cookies<\/strong><br>Cookies sind kleine Dateien, die auf dem Zugriffsger\u00e4t (PC, Smartphone etc.)&nbsp; des Nutzers unterschiedliche Informationen speichern. Cookies dienen dazu, unsere Website nutzerfreundlicher zu machen (z.B. speichern von Login-daten).&nbsp; Zum anderen, erfassen sie statistischen Daten der Websitenutzung, um sie zwecks Verbesserung des Angebotes analysieren zu k\u00f6nnen.<\/p>\n\n\n\n<p>Cookies richten auf Ihrem Rechner keinen Schaden an und erhalten auch keine Viren.<\/p>\n\n\n\n<p>Die meisten der von uns verwendeten Cookies sind so genannte \u201eSession-Cookies\u201c. Diese werden nach Ende Ihres Besuchs automatisch gel\u00f6scht. Wir setzen auch \u201ePermanent-Cookies\u201c ein. Diese bleiben auf Ihrem Rechner gespeichert bis Sie diese l\u00f6schen. Diese Cookies erm\u00f6glichen es uns unter anderem, Ihren Browser beim n\u00e4chsten Besuch wiederzuerkennen. Diese Cookies k\u00f6nnen auch f\u00fcr Reichweitenmessung und Marketingzwecke die Interessen der Besucher speichern.<\/p>\n\n\n\n<p>Der Nutzer hat die M\u00f6glichkeit den Einsatz der Cookies zu beeinflussen. Die meisten Browser verf\u00fcgen \u00fcber Optionen in den Systemeinstellungen mit der das Speichern von Cookies eingeschr\u00e4nkt oder komplett verhindert wird. Auch das automatische L\u00f6schen der Cookies beim Schlie\u00dfen des Browsers kann dort aktiviert werden. Wir weisen darauf hin, dass eine Deaktivierung die Funktionalit\u00e4t der Website wom\u00f6glich einschr\u00e4nkt.<\/p>\n\n\n\n<p>Ein genereller Widerspruch gegen den Einsatz der zu Zwecken des Onlinemarketing eingesetzten Cookies kann \u00fcber die US-amerikanische Seite&nbsp;<a href=\"http:\/\/www.aboutads.info\/choices\/\">http:\/\/www.aboutads.info\/choices\/<\/a>&nbsp;oder die EU-Seite&nbsp;<a href=\"http:\/\/www.youronlinechoices.com\/\">http:\/\/www.youronlinechoices.com\/<\/a>&nbsp;erkl\u00e4rt werden.<\/p>\n\n\n\n<p><strong>Server-Logfiles\/Zugriffsdaten<\/strong><br>Der Anbieter der Website bzw. der Provider der uns die Hosting Leistungen anbietet, erhebt und speichert Daten \u00fcber jeden Zugriff auf die Website, die so genannte Serverlogfiles. Diese Daten werden automatisch durch Ihren Browser \u00fcbermittelt. Zu diesen geh\u00f6ren:<\/p>\n\n\n\n<ul><li>Browsertyp und Browserversion<\/li><li>Betriebssystem des Nutzers<\/li><li>Referrer URL<\/li><li>\u00dcbertragene Datenmenge<\/li><li>Name der abgerufenen Webseite<\/li><li>Datum und Uhrzeit der Serveranfrage<\/li><li>IP-Adresse<\/li><\/ul>\n\n\n\n<p>Die Logfile-Informationen werden f\u00fcr statistische Auswertungen zum Zweck des Betriebs, der Sicherheit und der Optimierung des Angebotes verwendet. Diese werden nach 7 Tagen gel\u00f6scht. Der Anbieter beh\u00e4lt sich jedoch vor, Daten aufzubewahren, wenn Verdacht einer rechtswidrigen Nutzung besteht.<\/p>\n\n\n\n<p><strong>Kontaktaufnahme<\/strong><br>Bei der Kontaktaufnahme mit uns (z.B. per Kontaktformular, E-Mails, Telefon oder via sozialer Medien) werden die Angaben des Nutzers zur Bearbeitung der Kontaktanfrage, Kommunikation und deren Abwicklung verarbeitet. Diese Angaben der Nutzer k\u00f6nnen in einem Customer-Relationship-Management System (\u201eCRM System\u201c) oder vergleichbarer Anfragenorganisation gespeichert werden.<\/p>\n\n\n\n<h3><strong>Analyse Tools und Werbung<\/strong><\/h3>\n\n\n\n<p><strong>Google Analytics<\/strong><br>Diese Website benutzt Google Analytics, einen Webanalysedienst der Google Inc. (\u201eGoogle\u201c). Google verwendet Cookies, die auf dem Rechner (Endger\u00e4t) de Nutzer gespeichert werden und eine Analyse der Benutzung der Website durch sie erm\u00f6glichen. Die durch die Cookies erzeugten Informationen \u00fcber Benutzung der Website durch die Nutzer werden in der Regel an einem Server von Google in den USA \u00fcbertragen und dort gespeichert.<\/p>\n\n\n\n<p>Google nutzt diese Informationen in unserem Auftrag, um:<\/p>\n\n\n\n<ul><li>die Nutzung unserer Website durch die Nutzer auszuwerten,<\/li><li>Reports \u00fcber die Websiteaktivit\u00e4ten zusammenzustellen<\/li><li>um weitere, mit dieser Website- und Internetnutzung verbundene Dienstleistungen,<\/li><\/ul>\n\n\n\n<p>gegen\u00fcber dem Anbieter zu erbringen.<\/p>\n\n\n\n<p>Die IP-Anonymisierung ist auf dieser Website aktiv. Das bedeutet, dass die IP-Adresse der Nutzer von Google innerhalb von Mitgliedsstaaten der Europ\u00e4ischen Union oder in anderen Vertragsstaaten des Abkommens \u00fcber den Europ\u00e4ischen Wirtschaftsraum zuvor gek\u00fcrzt wird. Nur in Ausnahmef\u00e4llen wird die volle IP-Adresse an einen Server von Google in den USA \u00fcbertragen und dort gek\u00fcrzt.<\/p>\n\n\n\n<p>Die von dem Browser des Nutzers \u00fcbermittelte IP-Adresse wird nicht mit anderen Daten von Google zusammengef\u00fchrt. Die Nutzer k\u00f6nnen die Speicherung der Cookies durch eine entsprechende Einstellung ihrer Browser-Software verhindern. Wir weisen die Nutzer jedoch darauf hin, dass in diesem Fall s\u00e4mtliche Funktionen der Website nicht im vollem Umfang genutzt werden k\u00f6nnen. Die Nutzer k\u00f6nnen dar\u00fcber hinaus die Erfassung der durch das Cookie erzeugten und auf ihre Nutzung der Website bezogenen Daten (auch Ihrer IP-Adresse) an Google sowie die Verarbeitung dieser Daten durch Google verhindern, indem sie das unter folgendem Link verf\u00fcgbare Browser-Plugin herunterladen und installieren:&nbsp;<a href=\"http:\/\/tools.google.com\/dlpage\/gaoptout?hl=de\">http:\/\/tools.google.com\/dlpage\/gaoptout?hl=de<\/a>.<\/p>\n\n\n\n<p>Alternativ zum Browser-Add-On oder innerhalb von Browsern auf mobilen Ger\u00e4ten, klicken Sie bitte diesen Link, um die Erfassung durch Google Analytics innerhalb dieser Website zuk\u00fcnftig zu verhindern<strong>&nbsp;<a href=\"http:\/\/www.physio-papa.de\/datenschutz\/#\">Disable Google Analytics<\/a><\/strong>. Dabei wird ein Opt-Out-cookie auf Ihrem Ger\u00e4t abgelegt. L\u00f6schen Sie Ihre Cookies m\u00fcssen Sie diesen Link erneut klicken.<\/p>\n\n\n\n<h3><strong>Einbindung von Diensten und Inhalten Dritter<\/strong><\/h3>\n\n\n\n<p>Wir setzen innerhalb unseres Onlineangebotes Inhalte oder Serviceangebote von Drittanbietern ein, wie z.B. Videos von YouTube, Kartenmaterial von Google-Maps. Dies setzt immer voraus, dass die Drittanbieter dieser Inhalte, die IP-Adresse der Nutzer wahrnehmen. Denn ohne die IP-Adresse, k\u00f6nnen die Inhalte nicht an den Browser des Nutzers gesendet werden. Die IP-Adresse ist damit f\u00fcr die Darstellung dieser Inhalte erforderlich. Wir bem\u00fchen uns nur solche Inhalte zu verwenden, deren jeweilige Anbieter die IP-Adresse lediglich zur Auslieferung der Inhalte verwenden. Jedoch haben wir keinen Einfluss darauf, falls die Drittanbieter unsichtbare Grafiken (\u201eWeb Beacons\u201c ) f\u00fcr statistische oder Marketingzwecke speichern. Soweit dies uns bekannt ist, kl\u00e4ren wir die Nutzer dar\u00fcber auf.<\/p>\n\n\n\n<p><strong>Google Fonts<\/strong><br>Wir binden die Schriftarten (\u201eGoogle Fonts\u201c) des Anbieters Google LLC, 1600 Amphitheatre Parkway, Mountain View, CA 94043, USA, ein. Datenschutzerkl\u00e4rung:&nbsp;<a href=\"https:\/\/www.google.com\/policies\/privacy\/\">https:\/\/www.google.com\/policies\/privacy\/<\/a>, Opt-Out:&nbsp;<a href=\"https:\/\/adssettings.google.com\/authenticated\">https:\/\/adssettings.google.com\/authenticated<\/a>.<\/p>\n\n\n\n<p><strong>Google Maps<\/strong><br>Wir binden die Landkarten des Dienstes \u201eGoogle Maps\u201c des Anbieters Google LLC, 1600 Amphitheatre Parkway, Mountain View, CA 94043, USA, ein. Zu den verarbeiteten Daten k\u00f6nnen insbesondere IP-Adressen und Standortdaten der Nutzer geh\u00f6ren, die jedoch nicht ohne deren Einwilligung (im Regelfall im Rahmen der Einstellungen ihrer Mobilger\u00e4te vollzogen), erhoben werden. Die Daten k\u00f6nnen in den USA verarbeitet werden. Datenschutzerkl\u00e4rung:&nbsp;<a href=\"https:\/\/www.google.com\/policies\/privacy\/\">https:\/\/www.google.com\/policies\/privacy\/<\/a>, Opt-Out:&nbsp;<a href=\"https:\/\/adssettings.google.com\/authenticated\">https:\/\/adssettings.google.com\/authenticated<\/a>.<\/p>\n","protected":false},"excerpt":{"rendered":"<p>Allgemeine Hinweise Die folgenden Hinweise geben dem Nutzer einen \u00dcberblick, was mit Ihren personenbezogene Daten passiert, wenn Sie unsere Website besuchen. Personenbezogene Daten sind alle Daten, mit denen Sie pers\u00f6nlich identifiziert werden k\u00f6nnen. Dazu geh\u00f6ren unter anderem der Name, die Emailadresse oder die Telefonnummer. Ausf\u00fchrliche Informationen zum Thema Datenschutz entnehmen Sie unserer unter diesem Text &hellip; <\/p>\n<p class=\"link-more\"><a href=\"https:\/\/therapie-fn.de\/?page_id=39\" class=\"more-link\"><span class=\"screen-reader-text\">\u201eDatenschutzerkl\u00e4rung\u201c<\/span> weiterlesen<\/a><\/p>\n","protected":false},"author":1,"featured_media":0,"parent":0,"menu_order":0,"comment_status":"closed","ping_status":"closed","template":"","meta":[],"_links":{"self":[{"href":"https:\/\/therapie-fn.de\/index.php?rest_route=\/wp\/v2\/pages\/39"}],"collection":[{"href":"https:\/\/therapie-fn.de\/index.php?rest_route=\/wp\/v2\/pages"}],"about":[{"href":"https:\/\/therapie-fn.de\/index.php?rest_route=\/wp\/v2\/types\/page"}],"author":[{"embeddable":true,"href":"https:\/\/therapie-fn.de\/index.php?rest_route=\/wp\/v2\/users\/1"}],"replies":[{"embeddable":true,"href":"https:\/\/therapie-fn.de\/index.php?rest_route=%2Fwp%2Fv2%2Fcomments&post=39"}],"version-history":[{"count":3,"href":"https:\/\/therapie-fn.de\/index.php?rest_route=\/wp\/v2\/pages\/39\/revisions"}],"predecessor-version":[{"id":45,"href":"https:\/\/therapie-fn.de\/index.php?rest_route=\/wp\/v2\/pages\/39\/revisions\/45"}],"wp:attachment":[{"href":"https:\/\/therapie-fn.de\/index.php?rest_route=%2Fwp%2Fv2%2Fmedia&parent=39"}],"curies":[{"name":"wp","href":"https:\/\/api.w.org\/{rel}","templated":true}]}}