{"id":2,"date":"2016-05-10T03:48:21","date_gmt":"2016-05-10T03:48:21","guid":{"rendered":"http:\/\/therapie-fn.de\/?page_id=2"},"modified":"2021-07-25T20:06:06","modified_gmt":"2021-07-25T20:06:06","slug":"sample-page","status":"publish","type":"page","link":"https:\/\/therapie-fn.de\/","title":{"rendered":"Willkommen"},"content":{"rendered":"<p>Sie haben gesundheitliche Probleme oder\u00a0 wollen\u00a0 einfach nur mehr f\u00fcr Ihren K\u00f6rper tun? Wir bieten Ihnen in allen Fragen der Physiotherapie und Osteopathie ein umfangreiches medizinisches Angebot an verschiedenen Therapieformen, Rehabilitation und Pr\u00e4vention.<\/p>\n<p>Nach Verletzungen oder Operationen und bei neurologischen Erkrankungen erarbeiten wir mit Ihnen den Wiederaufbau bis zur bestm\u00f6glichen Wiedereingliederung in den pers\u00f6nlichen Alltag, Beruf und Sport.<\/p>\n<p>Bei uns\u00a0 erwartet Sie Physiotherapie, Krankengymnastik und Osteopathie auf hohem Niveau. In unserer Praxis finden Sie das richtige Programm, das ganz nach Ihren individuellen Bed\u00fcrfnissen und nat\u00fcrlich auf Basis der \u00e4rztlichen Empfehlung einen optimalen Behandlungsplan garantiert.<\/p>\n<p>Bei uns\u00a0 finden Sie verschiedene M\u00f6glichkeiten, Ihre Gesundheit zu f\u00f6rdern, Ihr allgemeines Wohlbefinden zu steigern und Ihre Leistungsf\u00e4higkeit zu verbessern.<\/p>\n<p><strong>Wir \u00a0freuen uns \u00fcber Ihren Besuch<\/strong><\/p>\n<p>Bernd Leichtle, Jens Becker und Team<\/p>\n<p><strong>Alle Kassen und privat.<\/strong><\/p>\n","protected":false},"excerpt":{"rendered":"<p>Sie haben gesundheitliche Probleme oder\u00a0 wollen\u00a0 einfach nur mehr f\u00fcr Ihren K\u00f6rper tun? Wir bieten Ihnen in allen Fragen der Physiotherapie und Osteopathie ein umfangreiches medizinisches Angebot an verschiedenen Therapieformen, Rehabilitation und Pr\u00e4vention. Nach Verletzungen oder Operationen und bei neurologischen Erkrankungen erarbeiten wir mit Ihnen den Wiederaufbau bis zur bestm\u00f6glichen Wiedereingliederung in den pers\u00f6nlichen Alltag, &hellip; <\/p>\n<p class=\"link-more\"><a href=\"https:\/\/therapie-fn.de\/\" class=\"more-link\"><span class=\"screen-reader-text\">\u201eWillkommen\u201c<\/span> weiterlesen<\/a><\/p>\n","protected":false},"author":1,"featured_media":0,"parent":0,"menu_order":0,"comment_status":"closed","ping_status":"open","template":"","meta":[],"_links":{"self":[{"href":"https:\/\/therapie-fn.de\/index.php?rest_route=\/wp\/v2\/pages\/2"}],"collection":[{"href":"https:\/\/therapie-fn.de\/index.php?rest_route=\/wp\/v2\/pages"}],"about":[{"href":"https:\/\/therapie-fn.de\/index.php?rest_route=\/wp\/v2\/types\/page"}],"author":[{"embeddable":true,"href":"https:\/\/therapie-fn.de\/index.php?rest_route=\/wp\/v2\/users\/1"}],"replies":[{"embeddable":true,"href":"https:\/\/therapie-fn.de\/index.php?rest_route=%2Fwp%2Fv2%2Fcomments&post=2"}],"version-history":[{"count":4,"href":"https:\/\/therapie-fn.de\/index.php?rest_route=\/wp\/v2\/pages\/2\/revisions"}],"predecessor-version":[{"id":95,"href":"https:\/\/therapie-fn.de\/index.php?rest_route=\/wp\/v2\/pages\/2\/revisions\/95"}],"wp:attachment":[{"href":"https:\/\/therapie-fn.de\/index.php?rest_route=%2Fwp%2Fv2%2Fmedia&parent=2"}],"curies":[{"name":"wp","href":"https:\/\/api.w.org\/{rel}","templated":true}]}}