{"id":13,"date":"2020-06-14T20:32:07","date_gmt":"2020-06-14T20:32:07","guid":{"rendered":"http:\/\/therapie-fn.de\/?page_id=13"},"modified":"2021-07-25T19:51:06","modified_gmt":"2021-07-25T19:51:06","slug":"leistungen","status":"publish","type":"page","link":"https:\/\/therapie-fn.de\/?page_id=13","title":{"rendered":"Physiotherapie"},"content":{"rendered":"\n<h2>Therapie Angebot<\/h2>\n\n\n\n<div class=\"is-layout-flex wp-container-3 wp-block-columns\">\n<div class=\"is-layout-flow wp-block-column\">\n<ul><li>Physiotherapie und Osteopathie<\/li><li>Krankengymnastik(auch KG Neuro)<\/li><li>Manuelle Therapie<\/li><li>PNF<\/li><li>Fu\u00dfreflexzonentherapie<\/li><li>Klassische Massage<\/li><li>Naturmoor Fango<\/li><li>Manuelle Lymphdrainage<\/li><li>Thai-Massage<\/li><\/ul>\n\n\n\n<p><\/p>\n<\/div>\n\n\n\n<div class=\"is-layout-flow wp-block-column\">\n<ul><li>Dorn-Therapie<\/li><li>Craniosacrale Therapie<\/li><li>Triggerpunkt Therapie<\/li><li>Kiefergelenk-Behandlung<\/li><li>Atem Therapie<\/li><li>Hausbesuche<\/li><\/ul>\n\n\n\n<p><\/p>\n<\/div>\n<\/div>\n\n\n\n<h2>Behandlungsschwerpunkte<\/h2>\n\n\n\n<div class=\"is-layout-flex wp-container-6 wp-block-columns\">\n<div class=\"is-layout-flow wp-block-column\">\n<ul><li>Kopfschmerzen und Druckgef\u00fchle<\/li><li>Schwindel, Ohrger\u00e4usche, Tinnitus<\/li><li>Kiefergelenkprobleme<\/li><li>Schluckbeschwerden<\/li><li>Gesichtsl\u00e4hmung<\/li><li>Wirbels\u00e4ulenbeschwerden und Blockaden<\/li><li>Bandscheiben Probleme<\/li><li>Haltungsschulung<\/li><li>Jeg. Arthrosen<\/li><li>Operationsvorbereitung(Kr\u00fccken laufen, Treppenlaufen, richtiges Aufstehen etc.)<\/li><\/ul>\n\n\n\n<p><\/p>\n<\/div>\n\n\n\n<div class=\"is-layout-flow wp-block-column\">\n<ul><li>Bewegungseinschr\u00e4nkungen der Gelenke<\/li><li>OP Nachbehandlung<\/li><li>Narbenbehandlung<\/li><li>Atemwegserkankungen<\/li><li>Neurologische Behandlungen (MS, Parkinson, Schlaganfall etc.)<\/li><li>Gangschule<\/li><li>Ergonomie am Arbeitsplatz<\/li><li>\u00d6demtherapie<\/li><li>Durchblutungsst\u00f6rungen<\/li><\/ul>\n\n\n\n<p><\/p>\n<\/div>\n<\/div>\n","protected":false},"excerpt":{"rendered":"<p>Therapie Angebot Physiotherapie und Osteopathie Krankengymnastik(auch KG Neuro) Manuelle Therapie PNF Fu\u00dfreflexzonentherapie Klassische Massage Naturmoor Fango Manuelle Lymphdrainage Thai-Massage Dorn-Therapie Craniosacrale Therapie Triggerpunkt Therapie Kiefergelenk-Behandlung Atem Therapie Hausbesuche Behandlungsschwerpunkte Kopfschmerzen und Druckgef\u00fchle Schwindel, Ohrger\u00e4usche, Tinnitus Kiefergelenkprobleme Schluckbeschwerden Gesichtsl\u00e4hmung Wirbels\u00e4ulenbeschwerden und Blockaden Bandscheiben Probleme Haltungsschulung Jeg. Arthrosen Operationsvorbereitung(Kr\u00fccken laufen, Treppenlaufen, richtiges Aufstehen etc.) Bewegungseinschr\u00e4nkungen der Gelenke &hellip; <\/p>\n<p class=\"link-more\"><a href=\"https:\/\/therapie-fn.de\/?page_id=13\" class=\"more-link\"><span class=\"screen-reader-text\">\u201ePhysiotherapie\u201c<\/span> weiterlesen<\/a><\/p>\n","protected":false},"author":1,"featured_media":0,"parent":0,"menu_order":0,"comment_status":"closed","ping_status":"closed","template":"","meta":[],"_links":{"self":[{"href":"https:\/\/therapie-fn.de\/index.php?rest_route=\/wp\/v2\/pages\/13"}],"collection":[{"href":"https:\/\/therapie-fn.de\/index.php?rest_route=\/wp\/v2\/pages"}],"about":[{"href":"https:\/\/therapie-fn.de\/index.php?rest_route=\/wp\/v2\/types\/page"}],"author":[{"embeddable":true,"href":"https:\/\/therapie-fn.de\/index.php?rest_route=\/wp\/v2\/users\/1"}],"replies":[{"embeddable":true,"href":"https:\/\/therapie-fn.de\/index.php?rest_route=%2Fwp%2Fv2%2Fcomments&post=13"}],"version-history":[{"count":8,"href":"https:\/\/therapie-fn.de\/index.php?rest_route=\/wp\/v2\/pages\/13\/revisions"}],"predecessor-version":[{"id":90,"href":"https:\/\/therapie-fn.de\/index.php?rest_route=\/wp\/v2\/pages\/13\/revisions\/90"}],"wp:attachment":[{"href":"https:\/\/therapie-fn.de\/index.php?rest_route=%2Fwp%2Fv2%2Fmedia&parent=13"}],"curies":[{"name":"wp","href":"https:\/\/api.w.org\/{rel}","templated":true}]}}